{"id":3358,"date":"2019-03-24T13:40:49","date_gmt":"2019-03-24T13:40:49","guid":{"rendered":"https:\/\/ergewa-erfurt.de\/?page_id=3358"},"modified":"2021-10-18T17:10:49","modified_gmt":"2021-10-18T17:10:49","slug":"willkommen","status":"publish","type":"page","link":"https:\/\/xn--tlg-gebudereinigung-mwb58a.de\/","title":{"rendered":"Willkommen"},"content":{"rendered":"\n<style type=\"text\/css\" data-created_by=\"avia_inline_auto\" id=\"style-css-av-39hje6-bd6ad46bafbebfde49f005541f104a65\">\n.flex_column.av-39hje6-bd6ad46bafbebfde49f005541f104a65{\nborder-radius:0px 0px 0px 0px;\npadding:0px 0px 0px 0px;\n}\n<\/style>\n<div  class='flex_column av-39hje6-bd6ad46bafbebfde49f005541f104a65 av_one_fifth  avia-builder-el-0  el_before_av_three_fifth  avia-builder-el-first  first flex_column_div av-zero-column-padding  '     ><\/div>\n\n<style type=\"text\/css\" data-created_by=\"avia_inline_auto\" id=\"style-css-av-ab172m-5e1cd763100a0b4cae348d0183e20707\">\n.flex_column.av-ab172m-5e1cd763100a0b4cae348d0183e20707{\nborder-radius:0px 0px 0px 0px;\npadding:0px 0px 0px 0px;\n}\n<\/style>\n<div  class='flex_column av-ab172m-5e1cd763100a0b4cae348d0183e20707 av_three_fifth  avia-builder-el-1  el_after_av_one_fifth  el_before_av_one_fifth  flex_column_div av-zero-column-padding  '     ><p><section  class='av_textblock_section av-jtmyw8ou-885ab5f066fb0cc2c33ddad80f6d31de '   itemscope=\"itemscope\" itemtype=\"https:\/\/schema.org\/CreativeWork\" ><div class='avia_textblock'  itemprop=\"text\" ><p>Willkommen!<\/p>\n<p>Wir bieten viele Dienstleistungen rund um gewerbliche und private Objekten aus einer Hand.<\/p>\n<p>Unter anderem in den Bereichen Unterhaltsreinigung, B\u00fcroreinigung, Glasreinigung, Fensterreinigung, Winterdienst &#038; Gr\u00fcnanlagepflege.<\/p>\n<p>Unser Personal verf\u00fcgt \u00fcber langj\u00e4hrige Erfahrung &#038; fachliche Kompetenz\u00a0 in der Geb\u00e4udereinigung und wird regelm\u00e4\u00dfig fortgebildet, um einen hohen Qualit\u00e4tsstandard gew\u00e4hrleisten zu k\u00f6nnen.<\/p>\n<p>Wir freuen uns schon auf Ihre Anfrage!<\/p>\n<\/div><\/section><br \/>\n<div  class='avia-button-wrap av-kuwwywh9-0f404b090b0c8102661fac329e06ad0c-wrap avia-button-center  avia-builder-el-3  el_after_av_textblock  el_before_av_heading '>\n<style type=\"text\/css\" data-created_by=\"avia_inline_auto\" id=\"style-css-av-kuwwywh9-0f404b090b0c8102661fac329e06ad0c\">\n#top #wrap_all .avia-button.av-kuwwywh9-0f404b090b0c8102661fac329e06ad0c:hover{\ncolor:#ffffff;\ntransition:all 0.4s ease-in-out;\n}\n#top #wrap_all .avia-button.av-kuwwywh9-0f404b090b0c8102661fac329e06ad0c:hover .avia-svg-icon svg:first-child{\nfill:#ffffff;\nstroke:#ffffff;\n}\n<\/style>\n<a href='https:\/\/xn--tlg-gebudereinigung-mwb58a.de\/?page_id=3427'  class='avia-button av-kuwwywh9-0f404b090b0c8102661fac329e06ad0c av-link-btn avia-icon_select-no avia-size-large avia-position-center avia-color-theme-color avia-font-color-theme-color'   aria-label=\"Angebotsanfrage\"><span class='avia_iconbox_title' >Angebotsanfrage<\/span><span class='avia_button_background avia-button avia-color-theme-color-highlight' ><\/span><\/a><\/div><br \/>\n\n<style type=\"text\/css\" data-created_by=\"avia_inline_auto\" id=\"style-css-av-jy388b19-9e88a278da9276ae3a551cf6cb869a67\">\n#top .av-special-heading.av-jy388b19-9e88a278da9276ae3a551cf6cb869a67{\npadding-bottom:10px;\n}\nbody .av-special-heading.av-jy388b19-9e88a278da9276ae3a551cf6cb869a67 .av-special-heading-tag .heading-char{\nfont-size:25px;\n}\n.av-special-heading.av-jy388b19-9e88a278da9276ae3a551cf6cb869a67 .av-subheading{\nfont-size:15px;\n}\n<\/style>\n<div  class='av-special-heading av-jy388b19-9e88a278da9276ae3a551cf6cb869a67 av-special-heading-h3 blockquote modern-quote modern-centered  avia-builder-el-4  el_after_av_button  avia-builder-el-last  av-linked-heading'><h3 class='av-special-heading-tag '  itemprop=\"headline\"  >T\u00f6lg Geb\u00e4udreinigung &#8211;  Geb\u00e4udeservice mit Erfahrung <span class='special_amp'>&amp;<\/span> Kompetenz<\/h3><div class=\"special-heading-border\"><div class=\"special-heading-inner-border\"><\/div><\/div><\/div><\/p><\/div>\n<style type=\"text\/css\" data-created_by=\"avia_inline_auto\" id=\"style-css-av-39hje6-40481870f01e61a82dc9dffcf7afb5bd\">\n.flex_column.av-39hje6-40481870f01e61a82dc9dffcf7afb5bd{\nborder-radius:0px 0px 0px 0px;\npadding:0px 0px 0px 0px;\n}\n<\/style>\n<div  class='flex_column av-39hje6-40481870f01e61a82dc9dffcf7afb5bd av_one_fifth  avia-builder-el-5  el_after_av_three_fifth  avia-builder-el-last  flex_column_div av-zero-column-padding  '     ><\/div><\/p>\n","protected":false},"excerpt":{"rendered":"","protected":false},"author":1,"featured_media":0,"parent":0,"menu_order":0,"comment_status":"closed","ping_status":"closed","template":"","meta":{"footnotes":""},"class_list":["post-3358","page","type-page","status-publish","hentry"],"_links":{"self":[{"href":"https:\/\/xn--tlg-gebudereinigung-mwb58a.de\/index.php?rest_route=\/wp\/v2\/pages\/3358","targetHints":{"allow":["GET"]}}],"collection":[{"href":"https:\/\/xn--tlg-gebudereinigung-mwb58a.de\/index.php?rest_route=\/wp\/v2\/pages"}],"about":[{"href":"https:\/\/xn--tlg-gebudereinigung-mwb58a.de\/index.php?rest_route=\/wp\/v2\/types\/page"}],"author":[{"embeddable":true,"href":"https:\/\/xn--tlg-gebudereinigung-mwb58a.de\/index.php?rest_route=\/wp\/v2\/users\/1"}],"replies":[{"embeddable":true,"href":"https:\/\/xn--tlg-gebudereinigung-mwb58a.de\/index.php?rest_route=%2Fwp%2Fv2%2Fcomments&post=3358"}],"version-history":[{"count":3,"href":"https:\/\/xn--tlg-gebudereinigung-mwb58a.de\/index.php?rest_route=\/wp\/v2\/pages\/3358\/revisions"}],"predecessor-version":[{"id":3613,"href":"https:\/\/xn--tlg-gebudereinigung-mwb58a.de\/index.php?rest_route=\/wp\/v2\/pages\/3358\/revisions\/3613"}],"wp:attachment":[{"href":"https:\/\/xn--tlg-gebudereinigung-mwb58a.de\/index.php?rest_route=%2Fwp%2Fv2%2Fmedia&parent=3358"}],"curies":[{"name":"wp","href":"https:\/\/api.w.org\/{rel}","templated":true}]}}