{"id":3365,"date":"2019-03-24T14:01:51","date_gmt":"2019-03-24T14:01:51","guid":{"rendered":"https:\/\/ergewa-erfurt.de\/?page_id=3365"},"modified":"2021-10-18T17:08:09","modified_gmt":"2021-10-18T17:08:09","slug":"impressum","status":"publish","type":"page","link":"https:\/\/xn--tlg-gebudereinigung-mwb58a.de\/?page_id=3365","title":{"rendered":"Impressum"},"content":{"rendered":"\n<style type=\"text\/css\" data-created_by=\"avia_inline_auto\" id=\"style-css-av-2k3m5x-e40c055142ad4ffc5ae1ed81e289a3f8\">\n.flex_column.av-2k3m5x-e40c055142ad4ffc5ae1ed81e289a3f8{\nborder-radius:0px 0px 0px 0px;\npadding:0px 0px 0px 0px;\n}\n<\/style>\n<div  class='flex_column av-2k3m5x-e40c055142ad4ffc5ae1ed81e289a3f8 av_one_full  avia-builder-el-0  avia-builder-el-no-sibling  first flex_column_div av-zero-column-padding  '     ><section  class='av_textblock_section av-jtmzqlfl-ad9284bd3a2f5ed9969a70f4d5b13b98 '   itemscope=\"itemscope\" itemtype=\"https:\/\/schema.org\/CreativeWork\" ><div class='avia_textblock'  itemprop=\"text\" ><div>\n<section>\n<div style=\"text-align: center;\">\n<p>T\u00f6lg Geb\u00e4udereinigung GmbH<\/p>\n<p>Camburger Stra\u00dfe 5<\/p>\n<p>99091 Erfurt<\/p>\n<p>Tel:0361\/7920727<\/p>\n<p>Fax:0361\/2623240<\/p>\n<p>info@toelg-gmbh.de<\/p>\n<p>Gesch\u00e4ftsf\u00fchrer: R\u00fcdiger T\u00f6lg<\/p>\n<p>Steuer-Nr.: 151\/121\/02504<\/p>\n<p>HRB 102441, Amtsgericht Jena<\/p>\n<\/div>\n<div><\/div>\n<div style=\"text-align: center;\"><\/div>\n<div style=\"text-align: center;\"><strong>Internetadressen:\u00a0<\/strong><\/div>\n<div style=\"text-align: center;\">www.toelg-gmbh.de<br \/>\nwww.toelg-gebaudereingung.de<br \/>\nwww.t\u00f6elg-geb\u00e4udereingung.de<\/div>\n<div><\/div>\n<div style=\"text-align: center;\"><\/div>\n<div style=\"text-align: center;\"><\/div>\n<\/section>\n<\/div>\n<div class=\"flex_column av_one_full flex_column_div av-zero-column-padding first avia-builder-el-2 el_after_av_one_full el_before_av_one_full column-top-margin\">\n<section class=\"av_textblock_section \">\n<div class=\"avia_textblock \"><\/div>\n<\/section>\n<\/div>\n<\/div><\/section><br \/>\n\n<style type=\"text\/css\" data-created_by=\"avia_inline_auto\" id=\"style-css-av-jtmzqlfl-36e64fd3656352d58587cc764e9135ef\">\n#top .av_textblock_section.av-jtmzqlfl-36e64fd3656352d58587cc764e9135ef .avia_textblock{\nfont-size:12px;\n}\n<\/style>\n<section  class='av_textblock_section av-jtmzqlfl-36e64fd3656352d58587cc764e9135ef '   itemscope=\"itemscope\" itemtype=\"https:\/\/schema.org\/CreativeWork\" ><div class='avia_textblock'  itemprop=\"text\" ><div class=\"flex_column av_one_full flex_column_div av-zero-column-padding first avia-builder-el-0 el_before_av_one_full avia-builder-el-first \">\n<section class=\"av_textblock_section \">\n<div class=\"avia_textblock \" style=\"text-align: center;\">\n<p><strong>Streitschlichtung<\/strong><\/p>\n<p>Wir sind nicht bereit oder verpflichtet, an Streitbeilegungsverfahren vor einer Verbraucherschlichtungsstelle teilzunehmen.<\/p>\n<p><strong>Haftung f\u00fcr Inhalte<\/strong><\/p>\n<p>Als Diensteanbieter sind wir gem\u00e4\u00df \u00a7 7 Abs.1 TMG f\u00fcr eigene Inhalte auf diesen Seiten nach den allgemeinen Gesetzen verantwortlich. Nach \u00a7\u00a7 8 bis 10 TMG sind wir als Diensteanbieter jedoch nicht verpflichtet, \u00fcbermittelte oder gespeicherte fremde Informationen zu \u00fcberwachen oder nach Umst\u00e4nden zu forschen, die auf eine rechtswidrige T\u00e4tigkeit hinweisen.Verpflichtungen zur Entfernung oder Sperrung der Nutzung von Informationen nach den allgemeinen Gesetzen bleiben hiervon unber\u00fchrt. Eine diesbez\u00fcgliche Haftung ist jedoch erst ab dem Zeitpunkt der Kenntnis einer konkreten Rechtsverletzung m\u00f6glich. Bei Bekanntwerden von entsprechenden Rechtsverletzungen werden wir diese Inhalte umgehend entfernen. Haftung f\u00fcr Links Unser Angebot enth\u00e4lt Links zu externen Websites Dritter, auf deren Inhalte wir keinen Einfluss haben. Deshalb k\u00f6nnen wir f\u00fcr diese fremden Inhalte auch keine Gew\u00e4hr \u00fcbernehmen. F\u00fcr die Inhalte der verlinkten Seiten ist stets der jeweilige Anbieter oder Betreiber der Seiten verantwortlich. Die verlinkten Seiten wurden zum Zeitpunkt der Verlinkung auf m\u00f6gliche Rechtsverst\u00f6\u00dfe \u00fcberpr\u00fcft. Rechtswidrige Inhalte waren zum Zeitpunkt der Verlinkung nicht erkennbar. Eine permanente inhaltliche Kontrolle der verlinkten Seiten ist jedoch ohne konkrete Anhaltspunkte einer Rechtsverletzung nicht zumutbar. Bei Bekanntwerden von Rechtsverletzungen werden wir derartige Links umgehend entfernen. Urheberrecht Die durch die Seitenbetreiber erstellten Inhalte und Werke auf diesen Seiten unterliegen dem deutschen Urheberrecht. Die Vervielf\u00e4ltigung, Bearbeitung, Verbreitung und jede Art der Verwertung au\u00dferhalb der Grenzen des Urheberrechtes bed\u00fcrfen der schriftlichen Zustimmung des jeweiligen Autors bzw. Erstellers. Downloads und Kopien dieser Seite sind nur f\u00fcr den privaten, nicht kommerziellen Gebrauch gestattet. Soweit die Inhalte auf dieser Seite nicht vom Betreiber erstellt wurden, werden die Urheberrechte Dritter beachtet. Insbesondere werden Inhalte Dritter als solche gekennzeichnet. Sollten Sie trotzdem auf eine Urheberrechtsverletzung aufmerksam werden, bitten wir um einen entsprechenden Hinweis. Bei Bekanntwerden von Rechtsverletzungen werden wir derartige Inhalte umgehend entfernen.<\/p>\n<\/div>\n<\/section>\n<\/div>\n<div class=\"flex_column av_one_full flex_column_div av-zero-column-padding first avia-builder-el-2 el_after_av_one_full el_before_av_one_full column-top-margin\">\n<section class=\"av_textblock_section \">\n<div class=\"avia_textblock \"><\/div>\n<\/section>\n<\/div>\n<\/div><\/section><\/p><\/div>\n","protected":false},"excerpt":{"rendered":"","protected":false},"author":1,"featured_media":0,"parent":0,"menu_order":0,"comment_status":"closed","ping_status":"closed","template":"","meta":{"footnotes":""},"class_list":["post-3365","page","type-page","status-publish","hentry"],"_links":{"self":[{"href":"https:\/\/xn--tlg-gebudereinigung-mwb58a.de\/index.php?rest_route=\/wp\/v2\/pages\/3365","targetHints":{"allow":["GET"]}}],"collection":[{"href":"https:\/\/xn--tlg-gebudereinigung-mwb58a.de\/index.php?rest_route=\/wp\/v2\/pages"}],"about":[{"href":"https:\/\/xn--tlg-gebudereinigung-mwb58a.de\/index.php?rest_route=\/wp\/v2\/types\/page"}],"author":[{"embeddable":true,"href":"https:\/\/xn--tlg-gebudereinigung-mwb58a.de\/index.php?rest_route=\/wp\/v2\/users\/1"}],"replies":[{"embeddable":true,"href":"https:\/\/xn--tlg-gebudereinigung-mwb58a.de\/index.php?rest_route=%2Fwp%2Fv2%2Fcomments&post=3365"}],"version-history":[{"count":1,"href":"https:\/\/xn--tlg-gebudereinigung-mwb58a.de\/index.php?rest_route=\/wp\/v2\/pages\/3365\/revisions"}],"predecessor-version":[{"id":3606,"href":"https:\/\/xn--tlg-gebudereinigung-mwb58a.de\/index.php?rest_route=\/wp\/v2\/pages\/3365\/revisions\/3606"}],"wp:attachment":[{"href":"https:\/\/xn--tlg-gebudereinigung-mwb58a.de\/index.php?rest_route=%2Fwp%2Fv2%2Fmedia&parent=3365"}],"curies":[{"name":"wp","href":"https:\/\/api.w.org\/{rel}","templated":true}]}}