{"id":3620,"date":"2021-10-18T17:25:51","date_gmt":"2021-10-18T17:25:51","guid":{"rendered":"https:\/\/xn--tlg-gebudereinigung-mwb58a.de\/?page_id=3620"},"modified":"2021-10-18T17:48:46","modified_gmt":"2021-10-18T17:48:46","slug":"leistungen","status":"publish","type":"page","link":"https:\/\/xn--tlg-gebudereinigung-mwb58a.de\/?page_id=3620","title":{"rendered":"Leistungen"},"content":{"rendered":"\n<style type=\"text\/css\" data-created_by=\"avia_inline_auto\" id=\"style-css-av-3x5iw4-131e15380a14dc7b96c9826c0ec6ee2d\">\n.flex_column.av-3x5iw4-131e15380a14dc7b96c9826c0ec6ee2d{\nborder-radius:0px 0px 0px 0px;\npadding:0px 0px 0px 0px;\n}\n<\/style>\n<div  class='flex_column av-3x5iw4-131e15380a14dc7b96c9826c0ec6ee2d av_one_fifth  avia-builder-el-0  el_before_av_two_third  avia-builder-el-first  first flex_column_div av-zero-column-padding  '     ><\/div>\n\n<style type=\"text\/css\" data-created_by=\"avia_inline_auto\" id=\"style-css-av-2odaro-393b1608aca33955a2efbd6dc148b157\">\n.flex_column.av-2odaro-393b1608aca33955a2efbd6dc148b157{\nborder-radius:0px 0px 0px 0px;\npadding:0px 0px 0px 0px;\n}\n<\/style>\n<div  class='flex_column av-2odaro-393b1608aca33955a2efbd6dc148b157 av_two_third  avia-builder-el-1  el_after_av_one_fifth  avia-builder-el-last  flex_column_div av-zero-column-padding  '     ><section  class='av_textblock_section av-kuwxhs2t-3baeb80330e2b54c7a28485ec1de2a84 '   itemscope=\"itemscope\" itemtype=\"https:\/\/schema.org\/CreativeWork\" ><div class='avia_textblock'  itemprop=\"text\" ><p><strong>Unterhaltsreinigung<\/strong><\/p>\n<p>Reinigung turnusm\u00e4\u00dfig:<\/p>\n<p>Typische Arbeiten wie Staubwischen, Staubsaugen &#038; Wischen, WC &#8211; &#038; Sanit\u00e4ranlagenreinigung, Reinigung der Schreibtische, Computer &#038; Bildschirme, Abfallbeseitigung uvm.<\/p>\n<p>Kinderg\u00e4rten, B\u00fcro- &#038; Verwaltungsgeb\u00e4ude, Flure &#038; Treppenh\u00e4user uvm.<\/p>\n<p><strong>Grundreinigung und Versiegelung<\/strong><\/p>\n<p>Reinigung turnusm\u00e4\u00dfig \/ auf Abruf:<\/p>\n<p>Verschiedene Bodenbel\u00e4ge wie PVC, Linoleum, Kautschuk, Fliesen<\/p>\n<p>Kinderg\u00e4rten, B\u00fcro- &#038; Verwaltungsgeb\u00e4ude, Flure &#038; Treppenh\u00e4user, Werkshallen<\/p>\n<p><strong>Glas- und Fensterreinigung<\/strong><\/p>\n<p>Reinigung turnusm\u00e4\u00dfig \/ auf Abruf:<\/p>\n<p>Glasfassaden, Fl\u00fcgelt\u00fcren, Schaufenster, Winterg\u00e4rten, B\u00fcrofenster, Werkshallen, Glasd\u00e4cher<\/p>\n<p><strong>Gr\u00fcnanlagenpflege<\/strong><\/p>\n<p>Pflege turnusm\u00e4\u00dfig \/ auf Abruf:<\/p>\n<p>Rasenpflege, saisonale M\u00e4harbeiten, Baumschnitt und Entsorgung, \u00a0Strauch- &#038; Heckenanschnitt, Abfallbeseitigung, Rabattenpflege, Kehrdienste<\/p>\n<p><strong>Winterdienst<\/strong><\/p>\n<p>gesetzliche R\u00e4umungs- und Streupflicht laut Winterdienstsatzung, auf Abruf\/ nach Bedarf:<\/p>\n<p>Kehrdienst, Schneer\u00e4umung und Schneebeseitigung<\/p>\n<p>Gehwege, Zufahrten, Parkfl\u00e4chen, Ladezonen, Auffahrten und Stra\u00dfen<\/p>\n<p><strong>Sonstige Serviceleistungen<\/strong><\/p>\n<p>Leistungen turnusm\u00e4\u00dfig \/ auf Abruf:<\/p>\n<p>Hausmeisterdienste, Industriereinigung, Maschinenreinigung, Bau- und Bauendreinigung, Reinigung von Sonnen- und Sichtschutzanlagen, Hausmeisterdienste, Objektr\u00e4umung und Entsorgung, K\u00fcchen- und Kantinenservice, \u00a0Mattenservice<\/p>\n<\/div><\/section><\/div>\n","protected":false},"excerpt":{"rendered":"","protected":false},"author":1,"featured_media":0,"parent":0,"menu_order":0,"comment_status":"closed","ping_status":"closed","template":"","meta":{"footnotes":""},"class_list":["post-3620","page","type-page","status-publish","hentry"],"_links":{"self":[{"href":"https:\/\/xn--tlg-gebudereinigung-mwb58a.de\/index.php?rest_route=\/wp\/v2\/pages\/3620","targetHints":{"allow":["GET"]}}],"collection":[{"href":"https:\/\/xn--tlg-gebudereinigung-mwb58a.de\/index.php?rest_route=\/wp\/v2\/pages"}],"about":[{"href":"https:\/\/xn--tlg-gebudereinigung-mwb58a.de\/index.php?rest_route=\/wp\/v2\/types\/page"}],"author":[{"embeddable":true,"href":"https:\/\/xn--tlg-gebudereinigung-mwb58a.de\/index.php?rest_route=\/wp\/v2\/users\/1"}],"replies":[{"embeddable":true,"href":"https:\/\/xn--tlg-gebudereinigung-mwb58a.de\/index.php?rest_route=%2Fwp%2Fv2%2Fcomments&post=3620"}],"version-history":[{"count":2,"href":"https:\/\/xn--tlg-gebudereinigung-mwb58a.de\/index.php?rest_route=\/wp\/v2\/pages\/3620\/revisions"}],"predecessor-version":[{"id":3626,"href":"https:\/\/xn--tlg-gebudereinigung-mwb58a.de\/index.php?rest_route=\/wp\/v2\/pages\/3620\/revisions\/3626"}],"wp:attachment":[{"href":"https:\/\/xn--tlg-gebudereinigung-mwb58a.de\/index.php?rest_route=%2Fwp%2Fv2%2Fmedia&parent=3620"}],"curies":[{"name":"wp","href":"https:\/\/api.w.org\/{rel}","templated":true}]}}